{"id":703,"date":"2024-01-03T22:37:00","date_gmt":"2024-01-03T22:37:00","guid":{"rendered":"https:\/\/vivelapeau.com\/?post_type=product&#038;p=703"},"modified":"2024-01-25T13:55:27","modified_gmt":"2024-01-25T13:55:27","slug":"agua-micelar","status":"publish","type":"product","link":"https:\/\/vivelapeau.com\/en\/shop\/agua-micelar\/","title":{"rendered":"Agua Micelar"},"content":{"rendered":"<p>80 onza \/ 2236 ml<\/p>","protected":false},"excerpt":{"rendered":"<p>Potente desmaquillante de agua de rosas sin alcohol que t\u00e9rmite eliminar todos las impurezas, dejando tu piel fresca y limpia.<\/p>\n<p>Aplica en un algod\u00f3n agua micelar sobre tu rostro y p\u00e1rpados cerrados , deja actuar por unos segundos y arrastra hacia abajo , contin\u00faa limpiando rostro y cuello hasta eliminar todo el maquillaje.<\/p>\n<p>Puedes enjuagar y volver aplicar el agua como un t\u00f3nico sin retirar.<\/p>\n<p>&nbsp;<\/p>","protected":false},"featured_media":916,"template":"","meta":{"_et_pb_use_builder":"","_et_pb_old_content":"","_et_gb_content_width":""},"product_brand":[],"product_cat":[19,16],"product_tag":[],"class_list":{"0":"post-703","1":"product","2":"type-product","3":"status-publish","4":"has-post-thumbnail","6":"product_cat-desmaquillantes","7":"product_cat-hidratacion","9":"first","10":"instock","11":"taxable","12":"shipping-taxable","13":"purchasable","14":"product-type-simple"},"_links":{"self":[{"href":"https:\/\/vivelapeau.com\/en\/wp-json\/wp\/v2\/product\/703","targetHints":{"allow":["GET"]}}],"collection":[{"href":"https:\/\/vivelapeau.com\/en\/wp-json\/wp\/v2\/product"}],"about":[{"href":"https:\/\/vivelapeau.com\/en\/wp-json\/wp\/v2\/types\/product"}],"wp:featuredmedia":[{"embeddable":true,"href":"https:\/\/vivelapeau.com\/en\/wp-json\/wp\/v2\/media\/916"}],"wp:attachment":[{"href":"https:\/\/vivelapeau.com\/en\/wp-json\/wp\/v2\/media?parent=703"}],"wp:term":[{"taxonomy":"product_brand","embeddable":true,"href":"https:\/\/vivelapeau.com\/en\/wp-json\/wp\/v2\/product_brand?post=703"},{"taxonomy":"product_cat","embeddable":true,"href":"https:\/\/vivelapeau.com\/en\/wp-json\/wp\/v2\/product_cat?post=703"},{"taxonomy":"product_tag","embeddable":true,"href":"https:\/\/vivelapeau.com\/en\/wp-json\/wp\/v2\/product_tag?post=703"}],"curies":[{"name":"wp","href":"https:\/\/api.w.org\/{rel}","templated":true}]}}